{"id":118,"date":"2023-09-11T06:04:57","date_gmt":"2023-09-11T06:04:57","guid":{"rendered":"https:\/\/stepbystep.lt\/?page_id=118"},"modified":"2023-09-11T10:18:23","modified_gmt":"2023-09-11T10:18:23","slug":"steam-anglu-kalba","status":"publish","type":"page","link":"https:\/\/stepbystep.lt\/?page_id=118","title":{"rendered":"STEAM angl\u0173 kalba"},"content":{"rendered":"\n<h2 class=\"wp-block-heading has-text-align-center gutenify-section-aa0ca0c0-5089-11ee-9a87-cf2e60943fbe\">\u0160iuolaiki\u0161kas, modernus, interaktyvus ir labai smagus b\u016brelis!<\/h2>\n\n\n\n<figure class=\"wp-block-image size-large is-resized gutenify-section-546ec030-5089-11ee-9a87-cf2e60943fbe\"><img decoding=\"async\" loading=\"lazy\" src=\"https:\/\/stepbystep.lt\/wp-content\/uploads\/2023\/09\/Steam-anglu-kalba-anglu-kalbos-burelis-paauglaims-2-1024x858.jpg\" alt=\"\" class=\"wp-image-214\" style=\"width:840px;height:704px\" width=\"840\" height=\"704\" srcset=\"https:\/\/stepbystep.lt\/wp-content\/uploads\/2023\/09\/Steam-anglu-kalba-anglu-kalbos-burelis-paauglaims-2-1024x858.jpg 1024w, https:\/\/stepbystep.lt\/wp-content\/uploads\/2023\/09\/Steam-anglu-kalba-anglu-kalbos-burelis-paauglaims-2-300x251.jpg 300w, https:\/\/stepbystep.lt\/wp-content\/uploads\/2023\/09\/Steam-anglu-kalba-anglu-kalbos-burelis-paauglaims-2-768x644.jpg 768w, https:\/\/stepbystep.lt\/wp-content\/uploads\/2023\/09\/Steam-anglu-kalba-anglu-kalbos-burelis-paauglaims-2-1536x1288.jpg 1536w, https:\/\/stepbystep.lt\/wp-content\/uploads\/2023\/09\/Steam-anglu-kalba-anglu-kalbos-burelis-paauglaims-2-2048x1717.jpg 2048w, https:\/\/stepbystep.lt\/wp-content\/uploads\/2023\/09\/Steam-anglu-kalba-anglu-kalbos-burelis-paauglaims-2-600x503.jpg 600w\" sizes=\"(max-width: 840px) 100vw, 840px\" \/><\/figure>\n\n\n\n<div class=\"wp-block-columns gutenify-section-6cbd48f0-5089-11ee-9a87-cf2e60943fbe is-layout-flex wp-container-2 wp-block-columns-is-layout-flex\">\n<div class=\"wp-block-column is-vertically-aligned-center gutenify-section-6fbccd50-5089-11ee-9a87-cf2e60943fbe is-layout-flow wp-block-column-is-layout-flow\">\n<h2 class=\"wp-block-heading has-text-align-center gutenify-section-938f5590-5089-11ee-9a87-cf2e60943fbe\">Tyrin\u0117ti, kurti ir eksperimentuoti, mokytis drauge gali b\u016bti labai smagu ir naudinga!<\/h2>\n\n\n\n<figure class=\"wp-block-image size-full is-resized gutenify-section-a3bdfbf0-508a-11ee-9a87-cf2e60943fbe\"><img decoding=\"async\" loading=\"lazy\" src=\"https:\/\/stepbystep.lt\/wp-content\/uploads\/2023\/09\/Steam-step-by-step-anglu-kalbos-burelis.png\" alt=\"\" class=\"wp-image-217\" style=\"width:708px;height:312px\" width=\"708\" height=\"312\" srcset=\"https:\/\/stepbystep.lt\/wp-content\/uploads\/2023\/09\/Steam-step-by-step-anglu-kalbos-burelis.png 338w, https:\/\/stepbystep.lt\/wp-content\/uploads\/2023\/09\/Steam-step-by-step-anglu-kalbos-burelis-300x132.png 300w\" sizes=\"(max-width: 708px) 100vw, 708px\" \/><\/figure>\n<\/div>\n<\/div>\n\n\n\n<h2 class=\"wp-block-heading gutenify-section-a29bf4b0-508b-11ee-9a87-cf2e60943fbe\">M\u016bs\u0173 b\u016brelis pad\u0117s jums pagilinti savo praktines \u017einias \u012fvairiose mokslo srityse ir kartu sustiprinsime  geb\u0117jimus komunikuoti angl\u0173 kalba. \u012evairiose interaktyviose klausymo, kalb\u0117jimo, skaitymo ir ra\u0161ymo u\u017eduotyse lengvai i\u0161moksite i\u0161moksite nauj\u0173 angl\u0173 kalbos \u017eod\u017ei\u0173 ir frazi\u0173, nes analizuosite tik mums \u012fdomias ir prasmingas temas. Angl\u0173 kalba &#8211; darbinis \u012frankis, o paslap\u010di\u0173 kupina aplinka laukia Tav\u0119s!<\/h2>\n","protected":false},"excerpt":{"rendered":"\u0160iuolaiki\u0161kas, modernus, interaktyvus ir labai smagus b\u016brelis! Tyrin\u0117ti, kurti ir eksperimentuoti, mokytis drauge gali b\u016bti labai smagu ir naudinga! M\u016bs\u0173 b\u016brelis pad\u0117s jums pagilinti savo praktines \u017einias \u012fvairiose mokslo srityse ir kartu sustiprinsime geb\u0117jimus komunikuoti angl\u0173 kalba. \u012evairiose interaktyviose klausymo, kalb\u0117jimo, skaitymo ir ra\u0161ymo u\u017eduotyse lengvai i\u0161moksite i\u0161moksite nauj\u0173 angl\u0173 kalbos \u017eod\u017ei\u0173 ir frazi\u0173, nes&#8230;<p class=\"more-link\"><a href=\"https:\/\/stepbystep.lt\/?page_id=118\"><span>Read More<\/span><i>&#43;<\/i><\/a><\/p>","protected":false},"author":1,"featured_media":0,"parent":0,"menu_order":0,"comment_status":"closed","ping_status":"closed","template":"","meta":{"_monsterinsights_skip_tracking":false,"_monsterinsights_sitenote_active":false,"_monsterinsights_sitenote_note":"","_monsterinsights_sitenote_category":0,"footnotes":"","gutenify_custom_css":"","gutenify_custom_css_data":""},"aioseo_notices":[],"_links":{"self":[{"href":"https:\/\/stepbystep.lt\/index.php?rest_route=\/wp\/v2\/pages\/118"}],"collection":[{"href":"https:\/\/stepbystep.lt\/index.php?rest_route=\/wp\/v2\/pages"}],"about":[{"href":"https:\/\/stepbystep.lt\/index.php?rest_route=\/wp\/v2\/types\/page"}],"author":[{"embeddable":true,"href":"https:\/\/stepbystep.lt\/index.php?rest_route=\/wp\/v2\/users\/1"}],"replies":[{"embeddable":true,"href":"https:\/\/stepbystep.lt\/index.php?rest_route=%2Fwp%2Fv2%2Fcomments&post=118"}],"version-history":[{"count":2,"href":"https:\/\/stepbystep.lt\/index.php?rest_route=\/wp\/v2\/pages\/118\/revisions"}],"predecessor-version":[{"id":218,"href":"https:\/\/stepbystep.lt\/index.php?rest_route=\/wp\/v2\/pages\/118\/revisions\/218"}],"wp:attachment":[{"href":"https:\/\/stepbystep.lt\/index.php?rest_route=%2Fwp%2Fv2%2Fmedia&parent=118"}],"curies":[{"name":"wp","href":"https:\/\/api.w.org\/{rel}","templated":true}]}}