{"id":22,"date":"2023-09-09T12:16:12","date_gmt":"2023-09-09T12:16:12","guid":{"rendered":"https:\/\/stepbystep.lt\/?page_id=22"},"modified":"2023-09-11T09:54:22","modified_gmt":"2023-09-11T09:54:22","slug":"step-by-step","status":"publish","type":"page","link":"https:\/\/stepbystep.lt\/?page_id=22","title":{"rendered":"Step by Step"},"content":{"rendered":"\n<p class=\"gutenify-section-7c56d1b0-507e-11ee-b7c5-4f3450ae6f5b\">fun &amp; easy learning<\/p>\n\n\n\n<div class=\"wp-block-group alignfull has-white-background-color has-text-color has-background gutenify-section-c8c03d80-f3b7-11ed-ada1-c9284ce76bcb is-layout-constrained wp-block-group-is-layout-constrained\" style=\"color:#666666;padding-top:0px;padding-right:0px;padding-bottom:0px;padding-left:0px\"><div class=\"wp-block-group__inner-container\">\n<div class=\"wp-block-cover alignfull gutenify-section-c8b5b630-f3b7-11ed-ada1-c9284ce76bcb\" style=\"padding-top:0px;padding-right:0px;padding-bottom:0px;padding-left:0px;min-height:100px\"><span aria-hidden=\"true\" class=\"wp-block-cover__background has-background-dim-60 has-background-dim\"><\/span><img decoding=\"async\" loading=\"lazy\" width=\"2560\" height=\"1681\" class=\"wp-block-cover__image-background wp-image-190\" alt=\"Step by step anglu kalbos kursas\" src=\"http:\/\/stepbystep.lt\/wp-content\/uploads\/2023\/09\/science-dna-research-development-human-scaled.jpg\" data-object-fit=\"cover\" srcset=\"https:\/\/stepbystep.lt\/wp-content\/uploads\/2023\/09\/science-dna-research-development-human-scaled.jpg 2560w, https:\/\/stepbystep.lt\/wp-content\/uploads\/2023\/09\/science-dna-research-development-human-300x197.jpg 300w, https:\/\/stepbystep.lt\/wp-content\/uploads\/2023\/09\/science-dna-research-development-human-1024x673.jpg 1024w, https:\/\/stepbystep.lt\/wp-content\/uploads\/2023\/09\/science-dna-research-development-human-768x504.jpg 768w, https:\/\/stepbystep.lt\/wp-content\/uploads\/2023\/09\/science-dna-research-development-human-1536x1009.jpg 1536w, https:\/\/stepbystep.lt\/wp-content\/uploads\/2023\/09\/science-dna-research-development-human-2048x1345.jpg 2048w, https:\/\/stepbystep.lt\/wp-content\/uploads\/2023\/09\/science-dna-research-development-human-600x394.jpg 600w\" sizes=\"(max-width: 2560px) 100vw, 2560px\" \/><div class=\"wp-block-cover__inner-container is-layout-flow wp-block-cover-is-layout-flow\">\n<div class=\"wp-block-gutenify-container alignwide gutenify-block-container-wrapper gutenify-container-version-2 gutenify-section-ee50123c-3303-47f7-a49e-ac9a31a51c25\"><div class=\"gutenify-container\">\n<div class=\"wp-block-columns gutenify-section-fc4a1940-507e-11ee-b7c5-4f3450ae6f5b is-layout-flex wp-container-2 wp-block-columns-is-layout-flex\">\n<div class=\"wp-block-column gutenify-section-fc44c210-507e-11ee-b7c5-4f3450ae6f5b is-layout-flow wp-block-column-is-layout-flow\" style=\"flex-basis:100%\"><h1 class=\"has-text-align-left wp-block-post-title has-large-font-size\">Step by Step<\/h1><\/div>\n<\/div>\n\n\n\n<p class=\"gutenify-section-c2efa250-507e-11ee-b7c5-4f3450ae6f5b\">fun &amp; easy learning<\/p>\n<\/div><\/div>\n<\/div><\/div>\n\n\n\n<div class=\"wp-block-group alignfull has-background-background-color has-background gutenify-section-c8b6a090-f3b7-11ed-ada1-c9284ce76bcb is-layout-constrained wp-block-group-is-layout-constrained\"><div class=\"wp-block-group__inner-container\">\n<div class=\"wp-block-gutenify-container alignwide gutenify-block-container-wrapper gutenify-container-version-2 gutenify-section-fc267266-18f4-4079-8a41-e4a489f3fcb9\"><div class=\"gutenify-container\"><div class=\"wp-block-gutenify-section-title gutenify-section-e7db9be3-d466-4f38-a8b6-29dcdd83cc9d gutenify-section-title-version-2  has-text-align-center\"><div id=\"gutenify-section-e7db9be3-d466-4f38-a8b6-29dcdd83cc9d\" class=\"gutenify-section-title-section \"><p style=\"color:#36b372\"class=\" gutenify-section-title-prefix\"><\/p><h2 style=\"color:#000000\"class=\" gutenify-section-title-main\">K\u0105 mes veikiame u\u017esi\u0117mimuose <\/h2><p class=\" gutenify-section-title-suffix\">lengvai, linksmai, prasmingai<\/p><\/div><\/div>\n\n\n<div class=\"wp-block-gutenify-service alignwide gutenify-service-layout-2 gutenify-service-col-3 gutenify--service--hide-button gutenify-service-version-2 gutenify-service-block-wrapper gutenify-section-718c2f63-f3c0-4954-a17e-47fdd14791dd\"><div class=\"gutenify-service-block\">\n<div class=\"wp-block-gutenify-info-box gutenify-info-box-layout-2 gutenify-info-box-version-2 flex-col-item has-shadow-dark gutenify-section-17720db4-1ecb-4f7c-8bf1-83ebfec03ec3\">\n<div class=\"wp-block-gutenify-icon flex-col-item is-content-justification-center gutenify-icon-version-2 gutenify-section-6a8e66c3-818a-4ab8-873e-89fad3fa7edb\"><a class=\"gutenify-icon-wrapper\"><img decoding=\"async\" class=\"\" src=\"https:\/\/demo-gutenify-com.s3.amazonaws.com\/wp-content\/uploads\/sites\/11\/2022\/03\/14165018\/icon-22.png\" alt=\"\"\/><\/a><\/div>\n\n\n\n<h4 class=\"wp-block-heading has-text-align-left gutenify-admin-info-box-block-title has-black-color has-text-color gutenify-section-82d45940-f3b8-11ed-ada1-c9284ce76bcb\">Prakti\u0161kai naudojame angl\u0173 kalb\u0105<\/h4>\n\n\n\n<h4 class=\"wp-block-heading has-text-align-left gutenify-admin-info-box-block-subtitle gutenify-section-82d4ce70-f3b8-11ed-ada1-c9284ce76bcb\"><\/h4>\n\n\n\n<p class=\"has-text-align-left gutenify-admin-info-box-block-content gutenify-section-82d56ab0-f3b8-11ed-ada1-c9284ce76bcb\">Klausome originalia angl\u0173 kalba \u012fgarsint\u0173 video ir muzikos \u012fra\u0161\u0173, bendraujame tarpusavyje, skaitome ir ra\u0161ome.<\/p>\n\n\n\n<div class=\"wp-block-gutenify-buttons is-content-justification-left wp-block-buttons gutenify-buttons-version-2 gutenify-section-2bb56e18-7adf-477c-af0d-31fee327b492\">\n<div class=\"wp-block-gutenify-button wp-block-button gutenify-button-version-2 hide-on-desktop hide-on-tablet hide-on-mobile gutenify-section-f1c59a66-1d8c-4d96-b18d-de5212dbe861\"><a class=\"gutenify-button-link wp-block-button__link\"><span>Know More<\/span><\/a><\/div>\n<\/div>\n<\/div>\n\n\n\n<div class=\"wp-block-gutenify-info-box gutenify-info-box-layout-2 gutenify-info-box-version-2 flex-col-item has-shadow-dark gutenify-section-45a0503f-f70d-4d9a-b678-dfa167db8ef2\">\n<div class=\"wp-block-gutenify-icon flex-col-item is-content-justification-center gutenify-icon-version-2 gutenify-section-51ef8d18-1659-4aa6-86fc-0181385d23ae\"><a class=\"gutenify-icon-wrapper\"><img decoding=\"async\" class=\"\" src=\"https:\/\/demo-gutenify-com.s3.amazonaws.com\/wp-content\/uploads\/sites\/11\/2022\/03\/14165016\/icon-55.png\" alt=\"\"\/><\/a><\/div>\n\n\n\n<h3 class=\"wp-block-heading has-text-align-left gutenify-admin-info-box-block-title has-black-color has-text-color gutenify-section-84323b90-f3b8-11ed-ada1-c9284ce76bcb\">Daug bendraujame<\/h3>\n\n\n\n<h4 class=\"wp-block-heading has-text-align-left gutenify-admin-info-box-block-subtitle gutenify-section-8432fee0-f3b8-11ed-ada1-c9284ce76bcb\"><\/h4>\n\n\n\n<p class=\"has-text-align-left gutenify-admin-info-box-block-content gutenify-section-84337410-f3b8-11ed-ada1-c9284ce76bcb\">Komunikuojame ne tik \u017eod\u017eiais, bet ir kuriame vizualines priemones. Mokom\u0117s i\u0161reik\u0161ti save ir suprasti kitus.<\/p>\n\n\n\n<div class=\"wp-block-gutenify-buttons is-content-justification-left wp-block-buttons gutenify-buttons-version-2 gutenify-section-2b3edaa6-0a25-404c-bb4c-5b3767ea8422\">\n<div class=\"wp-block-gutenify-button wp-block-button gutenify-button-version-2 hide-on-desktop hide-on-tablet hide-on-mobile gutenify-section-30be557b-4b76-4ae5-bb8b-7f2213916380\"><a class=\"gutenify-button-link wp-block-button__link\"><span>Know More<\/span><\/a><\/div>\n<\/div>\n<\/div>\n\n\n\n<div class=\"wp-block-gutenify-info-box gutenify-info-box-layout-2 gutenify-info-box-version-2 flex-col-item has-shadow-dark gutenify-section-42360206-6f6b-4d10-a50c-a107f0f576d4\">\n<div class=\"wp-block-gutenify-icon flex-col-item is-content-justification-center gutenify-icon-version-2 gutenify-section-82b53d2a-2dfc-4c88-a553-2d2a41aeb604\"><a class=\"gutenify-icon-wrapper\"><img decoding=\"async\" class=\"\" src=\"https:\/\/demo-gutenify-com.s3.amazonaws.com\/wp-content\/uploads\/sites\/11\/2022\/03\/14165005\/icon-99.png\" alt=\"\"\/><\/a><\/div>\n\n\n\n<h3 class=\"wp-block-heading has-text-align-left gutenify-admin-info-box-block-title has-black-color has-text-color gutenify-section-861f8ca0-f3b8-11ed-ada1-c9284ce76bcb\">Kritinis m\u0105stymas<\/h3>\n\n\n\n<h4 class=\"wp-block-heading has-text-align-left gutenify-admin-info-box-block-subtitle gutenify-section-86204ff0-f3b8-11ed-ada1-c9284ce76bcb\"><\/h4>\n\n\n\n<p class=\"has-text-align-left gutenify-admin-info-box-block-content gutenify-section-86211340-f3b8-11ed-ada1-c9284ce76bcb\">Smegen\u0173 mank\u0161ta &#8211; mokom\u0117s pa\u017einti savo mokymosi ypatumus, realiai spr\u0119sti problemas ir kurti naudojant m\u016bs\u0173 pagrindin\u012f kompiuter\u012f &#8211; smegenis.<\/p>\n\n\n\n<div class=\"wp-block-gutenify-buttons is-content-justification-left wp-block-buttons gutenify-buttons-version-2 gutenify-section-464763a1-a5aa-40ff-91da-1d8851c416a4\">\n<div class=\"wp-block-gutenify-button wp-block-button gutenify-button-version-2 hide-on-desktop hide-on-tablet hide-on-mobile gutenify-section-fa0b4beb-c4e1-44bb-b7c3-89493729815a\"><a class=\"gutenify-button-link wp-block-button__link\"><span>Know More<\/span><\/a><\/div>\n<\/div>\n<\/div>\n\n\n\n<div class=\"wp-block-gutenify-info-box gutenify-info-box-layout-2 gutenify-info-box-version-2 flex-col-item has-shadow-dark gutenify-section-c2ccb8f7-5ecf-4dd3-b03c-368a24eae6aa\">\n<div class=\"wp-block-gutenify-icon flex-col-item is-content-justification-center gutenify-icon-version-2 gutenify-section-b2d7ed1d-650c-4907-89f0-0300fbdde652\"><a class=\"gutenify-icon-wrapper\"><img decoding=\"async\" class=\"\" src=\"https:\/\/demo-gutenify-com.s3.amazonaws.com\/wp-content\/uploads\/sites\/11\/2022\/03\/14165014\/icon-111.png\" alt=\"\"\/><\/a><\/div>\n\n\n\n<h3 class=\"wp-block-heading has-text-align-left gutenify-admin-info-box-block-title has-black-color has-text-color gutenify-section-883b8ed0-f3b8-11ed-ada1-c9284ce76bcb\">Aktualios temos<\/h3>\n\n\n\n<h4 class=\"wp-block-heading has-text-align-left gutenify-admin-info-box-block-subtitle gutenify-section-883ca040-f3b8-11ed-ada1-c9284ce76bcb\"><\/h4>\n\n\n\n<p class=\"has-text-align-left gutenify-admin-info-box-block-content gutenify-section-883d6390-f3b8-11ed-ada1-c9284ce76bcb\">Patys nusprend\u017eiame, kurie klausimai mums svarbiausi ir ie\u0161kome efektyviausi\u0173, k\u016brybi\u0161k\u0173 sprendim\u0173, kaip \u012f juos atsakyti.<\/p>\n\n\n\n<div class=\"wp-block-gutenify-buttons is-content-justification-left wp-block-buttons gutenify-buttons-version-2 gutenify-section-2436cb3b-e0b0-4c8e-adab-9ee1d46e0a39\">\n<div class=\"wp-block-gutenify-button wp-block-button gutenify-button-version-2 hide-on-desktop hide-on-tablet hide-on-mobile gutenify-section-bc614ec4-a32b-4d81-88b8-5a6bc4209c2a\"><a class=\"gutenify-button-link wp-block-button__link\"><span>Know More<\/span><\/a><\/div>\n<\/div>\n<\/div>\n\n\n\n<div class=\"wp-block-gutenify-info-box gutenify-info-box-layout-2 gutenify-info-box-version-2 flex-col-item has-shadow-dark gutenify-section-45ddf0ec-0259-4802-8533-fc2cf2cda129\">\n<div class=\"wp-block-gutenify-icon flex-col-item is-content-justification-center gutenify-icon-version-2 gutenify-section-b7978ff1-8bb0-4bc6-8bca-8674c874eb60\"><a class=\"gutenify-icon-wrapper\"><img decoding=\"async\" class=\"\" src=\"https:\/\/demo-gutenify-com.s3.amazonaws.com\/wp-content\/uploads\/sites\/11\/2022\/03\/14165011\/icon-44.png\" alt=\"\"\/><\/a><\/div>\n\n\n\n<h3 class=\"wp-block-heading has-text-align-left gutenify-admin-info-box-block-title has-black-color has-text-color gutenify-section-89f2b4b0-f3b8-11ed-ada1-c9284ce76bcb\">K\u016brybi\u0161kumo lavinimas<\/h3>\n\n\n\n<h4 class=\"wp-block-heading has-text-align-left gutenify-admin-info-box-block-subtitle gutenify-section-89f37800-f3b8-11ed-ada1-c9284ce76bcb\"><\/h4>\n\n\n\n<p class=\"has-text-align-left gutenify-admin-info-box-block-content gutenify-section-89f48970-f3b8-11ed-ada1-c9284ce76bcb\">Geb\u0117jimas b\u016bti k\u016brybingu &#8211; labai svarbi savyb\u0117 ateities profesionalams. Tod\u0117l dr\u0105siai bandome, eksperimentuojame ir tobul\u0117jame.<\/p>\n\n\n\n<div class=\"wp-block-gutenify-buttons is-content-justification-left wp-block-buttons gutenify-buttons-version-2 gutenify-section-4ecb19a7-0fa7-4bf8-8842-13592d063a61\">\n<div class=\"wp-block-gutenify-button wp-block-button gutenify-button-version-2 hide-on-desktop hide-on-tablet hide-on-mobile gutenify-section-40570e3c-75b9-4305-9405-adff7987aec1\"><a class=\"gutenify-button-link wp-block-button__link\"><span>Know More<\/span><\/a><\/div>\n<\/div>\n<\/div>\n\n\n\n<div class=\"wp-block-gutenify-info-box gutenify-info-box-layout-2 gutenify-info-box-version-2 flex-col-item has-shadow-dark gutenify-section-59baca2a-198c-465b-9754-764b92329a18\">\n<div class=\"wp-block-gutenify-icon flex-col-item is-content-justification-center gutenify-icon-version-2 gutenify-section-692f91d4-4950-4131-8e42-8ec0b218aa6a\"><a class=\"gutenify-icon-wrapper\"><img decoding=\"async\" class=\"\" src=\"https:\/\/demo-gutenify-com.s3.amazonaws.com\/wp-content\/uploads\/sites\/11\/2022\/03\/14165017\/icon-88.png\" alt=\"\"\/><\/a><\/div>\n\n\n\n<h3 class=\"wp-block-heading has-text-align-left gutenify-admin-info-box-block-title has-black-color has-text-color gutenify-section-8c060450-f3b8-11ed-ada1-c9284ce76bcb\">Progresas<\/h3>\n\n\n\n<h4 class=\"wp-block-heading has-text-align-left gutenify-admin-info-box-block-subtitle gutenify-section-8c06eeb0-f3b8-11ed-ada1-c9284ce76bcb\"><\/h4>\n\n\n\n<p class=\"has-text-align-left gutenify-admin-info-box-block-content gutenify-section-8c084e40-f3b8-11ed-ada1-c9284ce76bcb\">Siekiame kiekvieno dalyvio asmeninio tobul\u0117jimo ir su d\u017eiaugsmu pastebime pasiekimus. Draugi\u0161ka atmosfera ir palaikymas &#8211; garantuoti!<\/p>\n\n\n\n<div class=\"wp-block-gutenify-buttons is-content-justification-left wp-block-buttons gutenify-buttons-version-2 gutenify-section-4a7d2c88-55d0-4a16-8cc7-0197a09d8191\">\n<div class=\"wp-block-gutenify-button wp-block-button gutenify-button-version-2 hide-on-desktop hide-on-tablet hide-on-mobile gutenify-section-37c18706-a8f6-4b08-8ae9-22460567e381\"><a class=\"gutenify-button-link wp-block-button__link\"><span>Know More<\/span><\/a><\/div>\n<\/div>\n<\/div>\n<\/div><\/div>\n<\/div><\/div>\n<\/div><\/div>\n\n\n\n<div class=\"wp-block-group alignfull has-background-background-color has-background gutenify-section-c8b95fb0-f3b7-11ed-ada1-c9284ce76bcb is-layout-constrained wp-block-group-is-layout-constrained\" style=\"padding-top:0px;padding-bottom:0px\"><div class=\"wp-block-group__inner-container\">\n<p class=\"gutenify-section-2b66fdf0-5080-11ee-b7c5-4f3450ae6f5b\"><\/p>\n<\/div><\/div>\n\n\n\n<div class=\"wp-block-group alignfull has-background-background-color has-background gutenify-section-0d1cc7d0-5080-11ee-b7c5-4f3450ae6f5b is-layout-constrained wp-block-group-is-layout-constrained\" style=\"padding-top:0px;padding-bottom:0px\"><div class=\"wp-block-group__inner-container\">\n<div class=\"wp-block-cover is-light gutenify-section-0d191e50-5080-11ee-b7c5-4f3450ae6f5b\"><span aria-hidden=\"true\" class=\"wp-block-cover__background has-background-dim\"><\/span><div class=\"wp-block-cover__inner-container is-layout-flow wp-block-cover-is-layout-flow\">\n<figure class=\"wp-block-image size-large gutenify-section-4fc30180-5080-11ee-b7c5-4f3450ae6f5b\"><img decoding=\"async\" loading=\"lazy\" width=\"1024\" height=\"270\" src=\"http:\/\/stepbystep.lt\/wp-content\/uploads\/2023\/09\/STep-by-step-partneriai-anglu-kalbos-kursuose-nvs-krepselis-1024x270.jpg\" alt=\"\" class=\"wp-image-185\" srcset=\"https:\/\/stepbystep.lt\/wp-content\/uploads\/2023\/09\/STep-by-step-partneriai-anglu-kalbos-kursuose-nvs-krepselis-1024x270.jpg 1024w, https:\/\/stepbystep.lt\/wp-content\/uploads\/2023\/09\/STep-by-step-partneriai-anglu-kalbos-kursuose-nvs-krepselis-300x79.jpg 300w, https:\/\/stepbystep.lt\/wp-content\/uploads\/2023\/09\/STep-by-step-partneriai-anglu-kalbos-kursuose-nvs-krepselis-768x202.jpg 768w, https:\/\/stepbystep.lt\/wp-content\/uploads\/2023\/09\/STep-by-step-partneriai-anglu-kalbos-kursuose-nvs-krepselis-1536x404.jpg 1536w, https:\/\/stepbystep.lt\/wp-content\/uploads\/2023\/09\/STep-by-step-partneriai-anglu-kalbos-kursuose-nvs-krepselis-2048x539.jpg 2048w, https:\/\/stepbystep.lt\/wp-content\/uploads\/2023\/09\/STep-by-step-partneriai-anglu-kalbos-kursuose-nvs-krepselis-600x158.jpg 600w\" sizes=\"(max-width: 1024px) 100vw, 1024px\" \/><\/figure>\n\n\n\n<div class=\"wp-block-group alignfull gutenify-section-0d159be0-5080-11ee-b7c5-4f3450ae6f5b is-layout-constrained wp-block-group-is-layout-constrained\"><div class=\"wp-block-group__inner-container\">\n<div class=\"wp-block-gutenify-container alignwide gutenify-block-container-wrapper gutenify-container-version-2 gutenify-section-0d13ee30-5080-11ee-b7c5-4f3450ae6f5b\"><div class=\"gutenify-container\">\n<div class=\"wp-block-group gutenify-section-0d11cb50-5080-11ee-b7c5-4f3450ae6f5b is-layout-constrained wp-block-group-is-layout-constrained\"><div class=\"wp-block-group__inner-container\">\n<div class=\"wp-block-gutenify-buttons is-content-justification-center wp-block-buttons gutenify-buttons-version-2 gutenify-section-0d0ff690-5080-11ee-b7c5-4f3450ae6f5b\">\n<div class=\"wp-block-gutenify-button wp-block-button gutenify-button-version-2 gutenify-section-0d0dd3b0-5080-11ee-b7c5-4f3450ae6f5b\"><a href=\"https:\/\/forms.gle\/p6xnqdztQVdhXprY7\" class=\"gutenify-button-link wp-block-button__link\"><span>Registruotis<\/span><\/a><\/div>\n<\/div>\n<\/div><\/div>\n<\/div><\/div>\n<\/div><\/div>\n<\/div><\/div>\n<\/div><\/div>\n\n\n\n<div class=\"wp-block-group alignfull has-background gutenify-section-c8c01670-f3b7-11ed-ada1-c9284ce76bcb is-layout-constrained wp-block-group-is-layout-constrained\" style=\"background-color:#f4f9fc;padding-top:0px;padding-right:0px;padding-bottom:0px;padding-left:0px\"><div class=\"wp-block-group__inner-container\">\n<div class=\"wp-block-gutenify-container alignwide gutenify-block-container-wrapper gutenify-container-version-2 gutenify-section-88b15369-a2d2-4fc2-b5d5-219623cce1bc\"><div class=\"gutenify-container\">\n<figure class=\"wp-block-image size-large gutenify-section-4e7938e0-507f-11ee-b7c5-4f3450ae6f5b\"><img decoding=\"async\" loading=\"lazy\" width=\"1024\" height=\"206\" src=\"http:\/\/stepbystep.lt\/wp-content\/uploads\/2023\/09\/STep-by-step-partneriai-anglu-kalbos-kursuose-2-1024x206.png\" alt=\"Step by step kalbos kursu partneriai\" class=\"wp-image-191\" srcset=\"https:\/\/stepbystep.lt\/wp-content\/uploads\/2023\/09\/STep-by-step-partneriai-anglu-kalbos-kursuose-2-1024x206.png 1024w, https:\/\/stepbystep.lt\/wp-content\/uploads\/2023\/09\/STep-by-step-partneriai-anglu-kalbos-kursuose-2-300x60.png 300w, https:\/\/stepbystep.lt\/wp-content\/uploads\/2023\/09\/STep-by-step-partneriai-anglu-kalbos-kursuose-2-768x155.png 768w, https:\/\/stepbystep.lt\/wp-content\/uploads\/2023\/09\/STep-by-step-partneriai-anglu-kalbos-kursuose-2-1536x309.png 1536w, https:\/\/stepbystep.lt\/wp-content\/uploads\/2023\/09\/STep-by-step-partneriai-anglu-kalbos-kursuose-2-2048x412.png 2048w, https:\/\/stepbystep.lt\/wp-content\/uploads\/2023\/09\/STep-by-step-partneriai-anglu-kalbos-kursuose-2-600x121.png 600w\" sizes=\"(max-width: 1024px) 100vw, 1024px\" \/><\/figure>\n<\/div><\/div>\n<\/div><\/div>\n<\/div><\/div>\n","protected":false},"excerpt":{"rendered":"fun &amp; easy learning","protected":false},"author":1,"featured_media":0,"parent":0,"menu_order":0,"comment_status":"closed","ping_status":"closed","template":"","meta":{"_monsterinsights_skip_tracking":false,"_monsterinsights_sitenote_active":false,"_monsterinsights_sitenote_note":"","_monsterinsights_sitenote_category":0,"footnotes":"","gutenify_custom_css":"","gutenify_custom_css_data":""},"aioseo_notices":[],"_links":{"self":[{"href":"https:\/\/stepbystep.lt\/index.php?rest_route=\/wp\/v2\/pages\/22"}],"collection":[{"href":"https:\/\/stepbystep.lt\/index.php?rest_route=\/wp\/v2\/pages"}],"about":[{"href":"https:\/\/stepbystep.lt\/index.php?rest_route=\/wp\/v2\/types\/page"}],"author":[{"embeddable":true,"href":"https:\/\/stepbystep.lt\/index.php?rest_route=\/wp\/v2\/users\/1"}],"replies":[{"embeddable":true,"href":"https:\/\/stepbystep.lt\/index.php?rest_route=%2Fwp%2Fv2%2Fcomments&post=22"}],"version-history":[{"count":4,"href":"https:\/\/stepbystep.lt\/index.php?rest_route=\/wp\/v2\/pages\/22\/revisions"}],"predecessor-version":[{"id":213,"href":"https:\/\/stepbystep.lt\/index.php?rest_route=\/wp\/v2\/pages\/22\/revisions\/213"}],"wp:attachment":[{"href":"https:\/\/stepbystep.lt\/index.php?rest_route=%2Fwp%2Fv2%2Fmedia&parent=22"}],"curies":[{"name":"wp","href":"https:\/\/api.w.org\/{rel}","templated":true}]}}